{"id":2084,"date":"2024-06-06T13:09:43","date_gmt":"2024-06-06T11:09:43","guid":{"rendered":"https:\/\/tattoo.fr\/?post_type=product&#038;p=2084"},"modified":"2024-06-06T13:17:39","modified_gmt":"2024-06-06T11:17:39","slug":"couteau-deejo-saint-michel-signe-mikael-de-poissy","status":"publish","type":"product","link":"https:\/\/tattoo.fr\/index.php\/produit\/couteau-deejo-saint-michel-signe-mikael-de-poissy\/","title":{"rendered":"Couteau Deejo \u00ab Saint-Michel \u00bb sign\u00e9 Mikael De Poissy"},"content":{"rendered":"<p><strong>Couteau Deejo en s\u00e9rie limit\u00e9e sign\u00e9 Mikael de Poissy \u2013 version \u00ab\u00a0Saint-Michel\u00a0\u00bb<\/strong><\/p>\n<ul>\n<li>Poids : 37 grammes<\/li>\n<li>Finition miroir<\/li>\n<li>Manche en bois d\u2019olivier sign\u00e9 par l\u2019artiste sur la base du manche.<\/li>\n<\/ul>\n","protected":false},"excerpt":{"rendered":"<p><strong>Couteau Deejo en s\u00e9rie limit\u00e9e sign\u00e9 Mikael de Poissy \u2013 version \u00ab\u00a0Saint-Michel\u00a0\u00bb<\/strong> &hellip; <a href=\"https:\/\/tattoo.fr\/index.php\/produit\/couteau-deejo-saint-michel-signe-mikael-de-poissy\/\" class=\"more-link\">Voir plus&#8230;<span class=\"screen-reader-text\">Couteau Deejo \u00ab Saint-Michel \u00bb sign\u00e9 Mikael De Poissy<\/span><\/a><\/p>\n","protected":false},"featured_media":2085,"comment_status":"open","ping_status":"closed","template":"","meta":[],"product_cat":[263],"product_tag":[265,264,237],"_links":{"self":[{"href":"https:\/\/tattoo.fr\/index.php\/wp-json\/wp\/v2\/product\/2084"}],"collection":[{"href":"https:\/\/tattoo.fr\/index.php\/wp-json\/wp\/v2\/product"}],"about":[{"href":"https:\/\/tattoo.fr\/index.php\/wp-json\/wp\/v2\/types\/product"}],"replies":[{"embeddable":true,"href":"https:\/\/tattoo.fr\/index.php\/wp-json\/wp\/v2\/comments?post=2084"}],"wp:featuredmedia":[{"embeddable":true,"href":"https:\/\/tattoo.fr\/index.php\/wp-json\/wp\/v2\/media\/2085"}],"wp:attachment":[{"href":"https:\/\/tattoo.fr\/index.php\/wp-json\/wp\/v2\/media?parent=2084"}],"wp:term":[{"taxonomy":"product_cat","embeddable":true,"href":"https:\/\/tattoo.fr\/index.php\/wp-json\/wp\/v2\/product_cat?post=2084"},{"taxonomy":"product_tag","embeddable":true,"href":"https:\/\/tattoo.fr\/index.php\/wp-json\/wp\/v2\/product_tag?post=2084"}],"curies":[{"name":"wp","href":"https:\/\/api.w.org\/{rel}","templated":true}]}}