{"id":1848,"date":"2021-05-14T14:13:51","date_gmt":"2021-05-14T12:13:51","guid":{"rendered":"https:\/\/tattoo.fr\/?post_type=product&#038;p=1848"},"modified":"2021-05-18T13:40:20","modified_gmt":"2021-05-18T11:40:20","slug":"clotaire-par-mikael-de-poissy","status":"publish","type":"product","link":"https:\/\/tattoo.fr\/index.php\/produit\/clotaire-par-mikael-de-poissy\/","title":{"rendered":"Clotaire par Mika\u00ebl de Poissy"},"content":{"rendered":"<h3><span class=\"tojvnm2t a6sixzi8 abs2jz4q a8s20v7p t1p8iaqh k5wvi7nf q3lfd5jv pk4s997a bipmatt0 cebpdrjk qowsmv63 owwhemhu dp1hu0rb dhp61c6y iyyx5f41\">N<span class=\"d2edcug0 hpfvmrgz qv66sw1b c1et5uql oi732d6d ik7dh3pa ht8s03o8 a8c37x1j keod5gw0 nxhoafnm aigsh9s9 d3f4x2em fe6kdd0r mau55g9w c8b282yb iv3no6db jq4qci2q a3bd9o3v knj5qynh oo9gr5id hzawbc8m\" dir=\"auto\">ouvelle s\u00e9rie d\u2019ic\u00f4nes M\u00e9di\u00e9valo-Japonisantes par Mika\u00ebl de Poissy : Charles I, Charles Martel, Clotaire, Clovis, Dagobert, Fr\u00e9d\u00e9gonde, P\u00e9pin le Bref, la Pompadour. <\/span><\/span><\/h3>\n<p><span class=\"tojvnm2t a6sixzi8 abs2jz4q a8s20v7p t1p8iaqh k5wvi7nf q3lfd5jv pk4s997a bipmatt0 cebpdrjk qowsmv63 owwhemhu dp1hu0rb dhp61c6y iyyx5f41\">Chaque exemplaire sera num\u00e9rot\u00e9, sign\u00e9, tamponn\u00e9 et gaufr\u00e9 (voir d\u00e9tail en photo), envelopp\u00e9 amoureusement dans une feuille de soie pour un envoi de qualit\u00e9.<br \/>\n<\/span><\/p>\n<p><span class=\"tojvnm2t a6sixzi8 abs2jz4q a8s20v7p t1p8iaqh k5wvi7nf q3lfd5jv pk4s997a bipmatt0 cebpdrjk qowsmv63 owwhemhu dp1hu0rb dhp61c6y iyyx5f41\">31&#215;40 cm 60 \u20ac<\/span><\/p>\n<p><span class=\"tojvnm2t a6sixzi8 abs2jz4q a8s20v7p t1p8iaqh k5wvi7nf q3lfd5jv pk4s997a bipmatt0 cebpdrjk qowsmv63 owwhemhu dp1hu0rb dhp61c6y iyyx5f41\"> 40&#215;50 cm 75 \u20ac <\/span><\/p>\n<p><span class=\"tojvnm2t a6sixzi8 abs2jz4q a8s20v7p t1p8iaqh k5wvi7nf q3lfd5jv pk4s997a bipmatt0 cebpdrjk qowsmv63 owwhemhu dp1hu0rb dhp61c6y iyyx5f41\">50&#215;64 cm 99 \u20ac <\/span><\/p>\n<p><span class=\"tojvnm2t a6sixzi8 abs2jz4q a8s20v7p t1p8iaqh k5wvi7nf q3lfd5jv pk4s997a bipmatt0 cebpdrjk qowsmv63 owwhemhu dp1hu0rb dhp61c6y iyyx5f41\">60&#215;77 cm 120 \u20ac<\/span><\/p>\n<p><a href=\"https:\/\/tatouagemagazine.fr\/produit\/pepin-le-bref-par-mikael-de-poissy\/\" target=\"_blank\" rel=\"noopener\"><em><strong><span class=\"tojvnm2t a6sixzi8 abs2jz4q a8s20v7p t1p8iaqh k5wvi7nf q3lfd5jv pk4s997a bipmatt0 cebpdrjk qowsmv63 owwhemhu dp1hu0rb dhp61c6y iyyx5f41\">Une s\u00e9rie ultra limit\u00e9e (5 exemplaires) : <\/span><\/strong><span class=\"tojvnm2t a6sixzi8 abs2jz4q a8s20v7p t1p8iaqh k5wvi7nf q3lfd5jv pk4s997a bipmatt0 cebpdrjk qowsmv63 owwhemhu dp1hu0rb dhp61c6y iyyx5f41\"><strong>105 x 135 cm \u00e0 450\u20ac<\/strong> <\/span><\/em><\/a><\/p>\n<p><span class=\"tojvnm2t a6sixzi8 abs2jz4q a8s20v7p t1p8iaqh k5wvi7nf q3lfd5jv pk4s997a bipmatt0 cebpdrjk qowsmv63 owwhemhu dp1hu0rb dhp61c6y iyyx5f41\">Sur Papier William Turner : 310 g\/m\u00b2, 100% coton &#8211; Texture fortement structur\u00e9e * Couchage jet d&rsquo;encre mat premium pour des r\u00e9sultats d&rsquo;impression exceptionnels * Sans acide ni lignine * Conforme \u00e0 la norme ISO 9706 \/ qualit\u00e9 mus\u00e9e pour la conservation *<br \/>\n<\/span><\/p>\n<p><span class=\"tojvnm2t a6sixzi8 abs2jz4q a8s20v7p t1p8iaqh k5wvi7nf q3lfd5jv pk4s997a bipmatt0 cebpdrjk qowsmv63 owwhemhu dp1hu0rb dhp61c6y iyyx5f41\"><strong><span style=\"color: #0000ff;\">Attention ! D\u00e9lai d&rsquo;exp\u00e9dition : environ 10 jours. Impression \u00e0 la commande et exp\u00e9dition via COLISSIMO uniquement.<\/span> <\/strong><\/span><\/p>\n","protected":false},"excerpt":{"rendered":"<p>Nouvelle s\u00e9rie d\u2019ic\u00f4nes Medievalo-Japonisantes par Mika\u00ebl de Poissy &hellip; <a href=\"https:\/\/tattoo.fr\/index.php\/produit\/clotaire-par-mikael-de-poissy\/\" class=\"more-link\">Voir plus&#8230;<span class=\"screen-reader-text\">Clotaire par Mika\u00ebl de Poissy<\/span><\/a><\/p>\n","protected":false},"featured_media":1909,"comment_status":"open","ping_status":"closed","template":"","meta":[],"product_cat":[243],"product_tag":[249,245,237,246,247,238,239],"_links":{"self":[{"href":"https:\/\/tattoo.fr\/index.php\/wp-json\/wp\/v2\/product\/1848"}],"collection":[{"href":"https:\/\/tattoo.fr\/index.php\/wp-json\/wp\/v2\/product"}],"about":[{"href":"https:\/\/tattoo.fr\/index.php\/wp-json\/wp\/v2\/types\/product"}],"replies":[{"embeddable":true,"href":"https:\/\/tattoo.fr\/index.php\/wp-json\/wp\/v2\/comments?post=1848"}],"wp:featuredmedia":[{"embeddable":true,"href":"https:\/\/tattoo.fr\/index.php\/wp-json\/wp\/v2\/media\/1909"}],"wp:attachment":[{"href":"https:\/\/tattoo.fr\/index.php\/wp-json\/wp\/v2\/media?parent=1848"}],"wp:term":[{"taxonomy":"product_cat","embeddable":true,"href":"https:\/\/tattoo.fr\/index.php\/wp-json\/wp\/v2\/product_cat?post=1848"},{"taxonomy":"product_tag","embeddable":true,"href":"https:\/\/tattoo.fr\/index.php\/wp-json\/wp\/v2\/product_tag?post=1848"}],"curies":[{"name":"wp","href":"https:\/\/api.w.org\/{rel}","templated":true}]}}