{"id":783,"date":"2020-03-22T13:22:16","date_gmt":"2020-03-22T12:22:16","guid":{"rendered":"http:\/\/tattoo.fr\/?page_id=783"},"modified":"2020-08-30T12:24:31","modified_gmt":"2020-08-30T10:24:31","slug":"contact","status":"publish","type":"page","link":"https:\/\/tattoo.fr\/index.php\/contact\/","title":{"rendered":"Contact"},"content":{"rendered":"<p> Je vous remercie de bien vouloir d\u00e9crire votre projet de tatouage avec pr\u00e9cision, vos r\u00e9f\u00e9rences, la taille et l&#8217;emplacement.\n<\/p>\n<div class=\"wpcf7 no-js\" id=\"wpcf7-f1800-o1\" lang=\"fr-FR\" dir=\"ltr\">\n<div class=\"screen-reader-response\"><p role=\"status\" aria-live=\"polite\" aria-atomic=\"true\"><\/p> <ul><\/ul><\/div>\n<form action=\"\/index.php\/wp-json\/wp\/v2\/pages\/783#wpcf7-f1800-o1\" method=\"post\" class=\"wpcf7-form init\" aria-label=\"Formulaire de contact\" novalidate=\"novalidate\" data-status=\"init\">\n<div style=\"display: none;\">\n<input type=\"hidden\" name=\"_wpcf7\" value=\"1800\" \/>\n<input type=\"hidden\" name=\"_wpcf7_version\" value=\"5.9.8\" \/>\n<input type=\"hidden\" name=\"_wpcf7_locale\" value=\"fr_FR\" \/>\n<input type=\"hidden\" name=\"_wpcf7_unit_tag\" value=\"wpcf7-f1800-o1\" \/>\n<input type=\"hidden\" name=\"_wpcf7_container_post\" value=\"0\" \/>\n<input type=\"hidden\" name=\"_wpcf7_posted_data_hash\" value=\"\" \/>\n<\/div>\n<p><label> Votre nom<br \/>\n<span class=\"wpcf7-form-control-wrap\" data-name=\"your-name\"><input size=\"40\" maxlength=\"400\" class=\"wpcf7-form-control wpcf7-text wpcf7-validates-as-required\" aria-required=\"true\" aria-invalid=\"false\" value=\"\" type=\"text\" name=\"your-name\" \/><\/span> <\/label>\n<\/p>\n<p><label> Votre e-mail<br \/>\n<span class=\"wpcf7-form-control-wrap\" data-name=\"your-email\"><input size=\"40\" maxlength=\"400\" class=\"wpcf7-form-control wpcf7-email wpcf7-validates-as-required wpcf7-text wpcf7-validates-as-email\" aria-required=\"true\" aria-invalid=\"false\" value=\"\" type=\"email\" name=\"your-email\" \/><\/span> <\/label>\n<\/p>\n<p><label> Objet<br \/>\n<span class=\"wpcf7-form-control-wrap\" data-name=\"your-subject\"><input size=\"40\" maxlength=\"400\" class=\"wpcf7-form-control wpcf7-text wpcf7-validates-as-required\" aria-required=\"true\" aria-invalid=\"false\" value=\"\" type=\"text\" name=\"your-subject\" \/><\/span> <\/label>\n<\/p>\n<p><label> Votre message (facultatif)<br \/>\n<span class=\"wpcf7-form-control-wrap\" data-name=\"your-message\"><textarea cols=\"40\" rows=\"10\" maxlength=\"2000\" class=\"wpcf7-form-control wpcf7-textarea\" aria-invalid=\"false\" name=\"your-message\"><\/textarea><\/span> <\/label>\n<\/p>\n<p><input class=\"wpcf7-form-control wpcf7-submit has-spinner\" type=\"submit\" value=\"Envoyer\" \/>\n<\/p><div class=\"wpcf7-response-output\" aria-hidden=\"true\"><\/div>\n<\/form>\n<\/div>\n<hr class=\"wp-block-separator\"\/><p><\/p><h3 class=\"wp-block-heading\">Venir au shop <\/h3><p><iframe loading=\"lazy\" src=\"https:\/\/www.google.com\/maps\/embed?pb=!1m18!1m12!1m3!1d2621.1815656372346!2d2.037659115676961!3d48.93098347929468!2m3!1f0!2f0!3f0!3m2!1i1024!2i768!4f13.1!3m3!1m2!1s0x47e68968edcea3b5%3A0xde9e92d01ffdcd55!2s25%20Rue%20du%20G%C3%A9n%C3%A9ral%20de%20Gaulle%2C%2078300%20Poissy!5e0!3m2!1sfr!2sfr!4v1585576373906!5m2!1sfr!2sfr\" style=\"border:0;\" allowfullscreen=\"\" aria-hidden=\"false\" tabindex=\"0\" width=\"600\" height=\"450\" frameborder=\"0\"><\/iframe><\/p>","protected":false},"excerpt":{"rendered":"<p><a href=\"https:\/\/tattoo.fr\/index.php\/contact\/\" class=\"more-link\">Voir plus&#8230;<span class=\"screen-reader-text\">Contact<\/span><\/a><\/p>\n","protected":false},"author":1,"featured_media":1412,"parent":0,"menu_order":0,"comment_status":"closed","ping_status":"closed","template":"","meta":{"footnotes":""},"_links":{"self":[{"href":"https:\/\/tattoo.fr\/index.php\/wp-json\/wp\/v2\/pages\/783"}],"collection":[{"href":"https:\/\/tattoo.fr\/index.php\/wp-json\/wp\/v2\/pages"}],"about":[{"href":"https:\/\/tattoo.fr\/index.php\/wp-json\/wp\/v2\/types\/page"}],"author":[{"embeddable":true,"href":"https:\/\/tattoo.fr\/index.php\/wp-json\/wp\/v2\/users\/1"}],"replies":[{"embeddable":true,"href":"https:\/\/tattoo.fr\/index.php\/wp-json\/wp\/v2\/comments?post=783"}],"version-history":[{"count":47,"href":"https:\/\/tattoo.fr\/index.php\/wp-json\/wp\/v2\/pages\/783\/revisions"}],"predecessor-version":[{"id":1640,"href":"https:\/\/tattoo.fr\/index.php\/wp-json\/wp\/v2\/pages\/783\/revisions\/1640"}],"wp:featuredmedia":[{"embeddable":true,"href":"https:\/\/tattoo.fr\/index.php\/wp-json\/wp\/v2\/media\/1412"}],"wp:attachment":[{"href":"https:\/\/tattoo.fr\/index.php\/wp-json\/wp\/v2\/media?parent=783"}],"curies":[{"name":"wp","href":"https:\/\/api.w.org\/{rel}","templated":true}]}}