{"id":779,"date":"2020-03-22T13:18:45","date_gmt":"2020-03-22T12:18:45","guid":{"rendered":"http:\/\/tattoo.fr\/?page_id=779"},"modified":"2021-05-14T15:13:17","modified_gmt":"2021-05-14T13:13:17","slug":"french-tattoo-museum","status":"publish","type":"page","link":"https:\/\/tattoo.fr\/index.php\/french-tattoo-museum\/","title":{"rendered":"French Tattoo Museum"},"content":{"rendered":"<p>Depuis 2 mois, il existe sur Instagram un compte cr\u00e9\u00e9 par Mikael de Poissy et qui a pour mission de faire connaitre une partie de notre histoire et de la valoriser, il s\u2019agit du <a rel=\"noreferrer noopener\" aria-label=\"FRENCH TATTOO MUSEUM (s\u2019ouvre dans un nouvel onglet)\" href=\"https:\/\/www.instagram.com\/frenchtattoomuseum\/\" target=\"_blank\"><strong>FRENCH TATTOO MUSEUM<\/strong><\/a>. Mikael de Poissy collecte et classe depuis de nombreuses ann\u00e9es, documents et mat\u00e9riels en tout genre. Sa collection commence au 18e si\u00e8cle pour arriver jusque dans les ann\u00e9es 80. Nous avons voulu en savoir plus sur ses motivations en lui demandant par texte de nous expliquer le but d\u2019un tel projet.<\/p><figure class=\"wp-block-image size-large\"><img loading=\"lazy\" decoding=\"async\" width=\"1024\" height=\"724\" src=\"https:\/\/tattoo.fr\/wp-content\/uploads\/2020\/03\/TAT124-Muse\u0301e-ok-1-1024x724.jpg\" alt=\"\" class=\"wp-image-890\" srcset=\"https:\/\/tattoo.fr\/wp-content\/uploads\/2020\/03\/TAT124-Muse\u0301e-ok-1-1024x724.jpg 1024w, https:\/\/tattoo.fr\/wp-content\/uploads\/2020\/03\/TAT124-Muse\u0301e-ok-1-300x212.jpg 300w, https:\/\/tattoo.fr\/wp-content\/uploads\/2020\/03\/TAT124-Muse\u0301e-ok-1-768x543.jpg 768w, https:\/\/tattoo.fr\/wp-content\/uploads\/2020\/03\/TAT124-Muse\u0301e-ok-1.jpg 1191w\" sizes=\"(max-width: 1024px) 100vw, 1024px\" \/><\/figure><div style=\"height:30px\" aria-hidden=\"true\" class=\"wp-block-spacer\"><\/div><h2 class=\"wp-block-heading\">Histoire du Tatouage Fran\u00e7ais<\/h2><p class=\"has-drop-cap\"><strong>L&rsquo;Histoire du Tatouage Fran\u00e7ais<\/strong> ? ! Mais qui connait son Histoire ? Je veux dire son histoire longue, \u00e0 travers les \u00e2ges et les si\u00e8cles ? Qui s\u2019est r\u00e9ellement et doctement pench\u00e9 sur ce vaste sujet qui rel\u00e8ve de multiples sciences sociales, \u00e0 la fois de l\u2019anthropologie, de l\u2019ethnologie, des \u0153uvres de l\u2019art humain, de l\u2019art premier, de la criminologie et enfin de la mode ? Un art, pictural et primitif venu du plus profond des \u00e2ges, bien avant que l\u2019homme ne sache \u00e9crire.<\/p><p>Symbolisme de la production humaine la plus pure, la plus simple et pourtant la plus codifi\u00e9e suivant le si\u00e8cle de son \u00e9laboration.<\/p><p>Des tatouages retrouv\u00e9s sur les premi\u00e8res divinit\u00e9s de pierre, \u00e0 ceux semble-t-il plus th\u00e9rapeutiques qui ornent le corps momifi\u00e9 d\u2019\u00d6tzi vieux de 5300 ans et qui n\u2019en comptait pas moins de 61, donnant ainsi raison au vieille adage \u00ab les momies sont les seuls morts qui continuent de parler \u00bb. A la numismatique Gauloise et son c\u00e9l\u00e8bre H\u00e9mistat\u00e8re au loup et \u00abguerrier \u00e0 la joue tatou\u00e9e \u00bb frapp\u00e9e un si\u00e8cle avant notre \u00e8re par les Aulerques Eburovices, nos anc\u00eatres de la tribu d\u2019Evreux, et que j\u2019ai eu la chance de sortir de terre par deux fois. Avec quels tatoueurs Fran\u00e7ais pourrais-je un jour \u00e9changer sur tous ces sujets ?<\/p><div style=\"height:30px\" aria-hidden=\"true\" class=\"wp-block-spacer\"><\/div><h2 class=\"wp-block-heading\">G\u00e9n\u00e9ration 70\/80<\/h2><p>La g\u00e9n\u00e9ration des tatoueurs des ann\u00e9es 70\/80 sont les t\u00e9moins directs et les pionniers r\u00e9cents de ce que f\u00fbt la cr\u00e9ation du tatouage \u00ab moderne \u00bb sous la forme que nous connaissons aujourd\u2019hui dans le pays, et dont les jeunes g\u00e9n\u00e9rations ne sont que des avatars, bien que ces 2 derniers se contemplent, soit en leur fin soit en leur souche, et qu\u2019ils aient bien du mal \u00e0 se comprendre. Mais mis \u00e0 part leur \u00e9poque, ils ne s\u2019int\u00e9ressent que peu \u00e0 l\u2019histoire qui les a pr\u00e9c\u00e9d\u00e9s. Les tatoueurs des ann\u00e9es 60 ? Nous n\u2019en avons qu\u2019un, en la personne de Bruno Cuzzicoli, ou Bruno de Pigalle, qui fut le premier Tatoueur obtenant une patente, c\u2019est-\u00e0-dire ni plus ni moins qu\u2019un matricule \u00e0 la chambre de commerce.<\/p><h3 class=\"wp-block-heading\">Bruno<\/h3><p class=\"has-drop-cap\">Mais d\u2019autres tatoueurs exer\u00e7aient en France, bien avant Bruno. Une \u00e9cole du tatouage fut m\u00eame tent\u00e9e \u00e0 Paris en 1939 (eh oui, d\u00e9j\u00e0). Mais Bruno n\u2019a jamais r\u00e9pondu \u00e0 mes sollicitations. <em>&#8212; EDIT &#8212; Depuis la publication de l&rsquo;article, Mika\u00ebl de Poissy a eu un contact avec Bruno. &#8212;<\/em> J\u2019aurais pourtant aim\u00e9 lui parler de la fois o\u00f9 il tatoua Michel Simon, qui fut nomm\u00e9 pour l\u2019occasion Pr\u00e9sident du \u00ab Tattooing Club \u00bb que Bruno venait de fonder, lui parler de son mus\u00e9e, de ses nombreuses rencontres au long de sa vie, de Monsieur Jean David et de sa th\u00e8se, de son beau-fr\u00e8re le c\u00e9l\u00e8bre Peter d\u2019Amsterdam \u00e0 qui il doit d\u2019avoir pu \u00eatre tatoueur un jour. De voir ses photos, ses premi\u00e8res planches, ses premi\u00e8res machines, bref des choses qui pour le conservateur que je suis sont des tr\u00e9sors. Aux derni\u00e8res nouvelles, et qui me viennent de son neveu, Bruno \u00e9crirait un livre. <\/p><p>Il n\u2019y avait donc pas grand monde avec qui je puisse \u00e9changer sur ces sujets. Quelques collectionneurs discrets et passionn\u00e9s comme J\u00e9r\u00f4me Pierrat que l\u2019on connait ici pour \u00eatre depuis toujours le r\u00e9dacteur en chef de Tatouage Magazine, Eric Guillon qui nous a gratifi\u00e9 des dizaines de reportages \u00ab culture \u00bb sur le sujet, et des collectionneurs priv\u00e9s pour certains tr\u00e8s riches et qui ne regardent pas \u00e0 la d\u00e9pense quand il s\u2019agit d\u2019acheter de la peau humaine tatou\u00e9e sur le march\u00e9 parall\u00e8le, mais qui du coup nous font perdre beaucoup de documentations car il ne partagent rien.<\/p><div style=\"height:30px\" aria-hidden=\"true\" class=\"wp-block-spacer\"><\/div><p><img loading=\"lazy\" decoding=\"async\" width=\"1024\" height=\"724\" src=\"https:\/\/tattoo.fr\/wp-content\/uploads\/2020\/03\/TAT124-Muse\u0301e-ok-2-1024x724.jpg\" alt=\"\" class=\"wp-image-892\" srcset=\"https:\/\/tattoo.fr\/wp-content\/uploads\/2020\/03\/TAT124-Muse\u0301e-ok-2-1024x724.jpg 1024w, https:\/\/tattoo.fr\/wp-content\/uploads\/2020\/03\/TAT124-Muse\u0301e-ok-2-300x212.jpg 300w, https:\/\/tattoo.fr\/wp-content\/uploads\/2020\/03\/TAT124-Muse\u0301e-ok-2-768x543.jpg 768w, https:\/\/tattoo.fr\/wp-content\/uploads\/2020\/03\/TAT124-Muse\u0301e-ok-2.jpg 1191w\" sizes=\"(max-width: 1024px) 100vw, 1024px\" \/><\/p><figcaption>Tatouage Magazine 124<\/figcaption><div style=\"height:30px\" aria-hidden=\"true\" class=\"wp-block-spacer\"><\/div><p>Et \u00e0 ma connaissance tr\u00e8s peu de tatoueurs collectionnent &#8211; Sharks \u00e0 St Etienne, Claude \u00e0 Lille, Neusky\u2026 Je ne parlerais pas des tatoueuses et tatoueurs, \u00e0 l\u2019ignorance abyssale, et qui pour certains, apr\u00e8s 2 ou 3 ans de triste pratique, ont d\u00e9j\u00e0 l\u2019outrecuidance de prendre des apprentis, et m\u00eame pour les plus m\u00e9galomanes et attir\u00e9s par l\u2019app\u00e2t du gain, de donner des cours payants ! On est loin de l\u2019id\u00e9e de partage et d\u2019\u00e9change que je souhaite trouver.<\/p><h2 class=\"wp-block-heading\">French Tattoo Museum<\/h2><p class=\"has-drop-cap\">Le &#8211; <strong>French Tattoo Museum <\/strong>&#8211; n\u2019est \u00ab pour le moment \u00bb qu\u2019un mus\u00e9e virtuel. Il s\u2019adressera aux passionn\u00e9s, aux nombreux \u00e9tudiants d\u00e9sireux d\u2019enrichir leur th\u00e8se de photos in\u00e9dites, aux collectionneurs qui cherchent \u00e0 correspondre, \u00e0 \u00e9changer ou \u00e0 vendre, aux historiens qui replacent les choses dans leur contexte historique mieux que je ne saurais le faire. Chose importante, toutes les photos et archives qui y sont post\u00e9s proviennent de ma collection et de mon fond qui compte un bon millier de documents. <\/p><p>Depuis sa cr\u00e9ation, il y a 2 mois sur les r\u00e9seaux sociaux, j\u2019ai d\u00e9j\u00e0 eu beaucoup d\u2019\u00e9changes \u00e9pistolaires avec des confr\u00e8res \u00e9trangers qui tiennent eux aussi des mus\u00e9es aux quatre coins du globe et qui d\u00e9sirent les partager au plus grand nombre, mais aussi des \u00e9crivains, des journalistes, des doctorants. <\/p><h3 class=\"wp-block-heading\">Avis aux passionn\u00e9s, collectionneurs, etc.<\/h3><p>Je lance donc un appel aux collectionneurs pr\u00eats \u00e0 faire des \u00e9changes, aux tatoueurs qui ont gard\u00e9 de vieilles machines ou autres, bref toutes les personnes qui d\u00e9tiendraient un bout d\u2019histoire \u00e0 me contacter via <a rel=\"noreferrer noopener\" aria-label=\"Instagram (s\u2019ouvre dans un nouvel onglet)\" href=\"https:\/\/www.instagram.com\/frenchtattoomuseum\/\" target=\"_blank\">Instagram<\/a> ou par mail sur <a href=\"mailto:museum@tattoo.fr\" target=\"_blank\" rel=\"noreferrer noopener\" aria-label=\" (s\u2019ouvre dans un nouvel onglet)\">museum@tattoo.fr<\/a>. Plus d\u2019excuses. Il vous est d\u00e9sormais possible d\u2019en savoir plus sur le sujet, pour peu qu\u2019il vous int\u00e9resse.<\/p><p>Mika\u00ebl de Poissy<\/p>","protected":false},"excerpt":{"rendered":"<p><a href=\"https:\/\/tattoo.fr\/index.php\/french-tattoo-museum\/\" class=\"more-link\">Voir plus&#8230;<span class=\"screen-reader-text\">French Tattoo Museum<\/span><\/a><\/p>\n","protected":false},"author":1,"featured_media":1387,"parent":0,"menu_order":0,"comment_status":"closed","ping_status":"closed","template":"page_r.php","meta":{"footnotes":""},"_links":{"self":[{"href":"https:\/\/tattoo.fr\/index.php\/wp-json\/wp\/v2\/pages\/779"}],"collection":[{"href":"https:\/\/tattoo.fr\/index.php\/wp-json\/wp\/v2\/pages"}],"about":[{"href":"https:\/\/tattoo.fr\/index.php\/wp-json\/wp\/v2\/types\/page"}],"author":[{"embeddable":true,"href":"https:\/\/tattoo.fr\/index.php\/wp-json\/wp\/v2\/users\/1"}],"replies":[{"embeddable":true,"href":"https:\/\/tattoo.fr\/index.php\/wp-json\/wp\/v2\/comments?post=779"}],"version-history":[{"count":34,"href":"https:\/\/tattoo.fr\/index.php\/wp-json\/wp\/v2\/pages\/779\/revisions"}],"predecessor-version":[{"id":1877,"href":"https:\/\/tattoo.fr\/index.php\/wp-json\/wp\/v2\/pages\/779\/revisions\/1877"}],"wp:featuredmedia":[{"embeddable":true,"href":"https:\/\/tattoo.fr\/index.php\/wp-json\/wp\/v2\/media\/1387"}],"wp:attachment":[{"href":"https:\/\/tattoo.fr\/index.php\/wp-json\/wp\/v2\/media?parent=779"}],"curies":[{"name":"wp","href":"https:\/\/api.w.org\/{rel}","templated":true}]}}