{"id":36,"date":"2017-02-18T08:27:14","date_gmt":"2017-02-18T07:27:14","guid":{"rendered":"http:\/\/themebubble.com\/demo\/magplus\/?page_id=36"},"modified":"2021-03-11T18:33:21","modified_gmt":"2021-03-11T17:33:21","slug":"home","status":"publish","type":"page","link":"https:\/\/tattoo.fr\/index.php\/home\/","title":{"rendered":"Actualit\u00e9s"},"content":{"rendered":"<p>Le livre Fatalitas vous propose une belle galerie de gueules cass\u00e9es, portant fi\u00e8rement leurs <strong>bousilles.<\/strong> Ces hommes et ces femmes d\u2019un autre si\u00e8cle ont embrass\u00e9 la fatalit\u00e9 de leur destin.<\/p><div class=\"wp-block-image\"><figure class=\"aligncenter size-large is-resized\"><img loading=\"lazy\" decoding=\"async\" src=\"https:\/\/tattoo.fr\/wp-content\/uploads\/2020\/12\/fatalitaslivre.png\" alt=\"\" class=\"wp-image-1649\" width=\"341\" height=\"419\"\/><\/figure><\/div><div class=\"wp-block-group\"><div class=\"wp-block-group__inner-container is-layout-flow wp-block-group-is-layout-flow\"><div class=\"wp-block-columns is-layout-flex wp-container-core-columns-is-layout-1 wp-block-columns-is-layout-flex\"><div class=\"wp-block-column is-vertically-aligned-top is-layout-flow wp-block-column-is-layout-flow\"><div class=\"wp-block-buttons is-content-justification-center is-layout-flex wp-block-buttons-is-layout-flex\"><div class=\"wp-block-button\"><a class=\"wp-block-button__link\" href=\"https:\/\/tatouagemagazine.fr\/produit\/fatalitas\/\" target=\"_blank\" rel=\"noreferrer noopener\">ACHETER<\/a><\/div><\/div>\n\n<p><\/p><\/div><\/div><\/div><\/div><hr class=\"wp-block-separator\"\/><h1 class=\"has-text-align-center wp-block-heading\">Irezumi, le tatouage Japonais et la France 1850-1890<\/h1><p class=\"has-text-align-center\"><iframe loading=\"lazy\" src=\"https:\/\/www.youtube.com\/embed\/EcMoyT1XnzU\" allow=\"accelerometer; autoplay; clipboard-write; encrypted-media; gyroscope; picture-in-picture\" allowfullscreen=\"\" width=\"560\" height=\"315\" frameborder=\"0\"><\/iframe><\/p><p><\/p>","protected":false},"excerpt":{"rendered":"<p><a href=\"https:\/\/tattoo.fr\/index.php\/home\/\" class=\"more-link\">Voir plus&#8230;<span class=\"screen-reader-text\">Actualit\u00e9s<\/span><\/a><\/p>\n","protected":false},"author":1,"featured_media":0,"parent":0,"menu_order":0,"comment_status":"closed","ping_status":"closed","template":"","meta":{"footnotes":""},"_links":{"self":[{"href":"https:\/\/tattoo.fr\/index.php\/wp-json\/wp\/v2\/pages\/36"}],"collection":[{"href":"https:\/\/tattoo.fr\/index.php\/wp-json\/wp\/v2\/pages"}],"about":[{"href":"https:\/\/tattoo.fr\/index.php\/wp-json\/wp\/v2\/types\/page"}],"author":[{"embeddable":true,"href":"https:\/\/tattoo.fr\/index.php\/wp-json\/wp\/v2\/users\/1"}],"replies":[{"embeddable":true,"href":"https:\/\/tattoo.fr\/index.php\/wp-json\/wp\/v2\/comments?post=36"}],"version-history":[{"count":35,"href":"https:\/\/tattoo.fr\/index.php\/wp-json\/wp\/v2\/pages\/36\/revisions"}],"predecessor-version":[{"id":1784,"href":"https:\/\/tattoo.fr\/index.php\/wp-json\/wp\/v2\/pages\/36\/revisions\/1784"}],"wp:attachment":[{"href":"https:\/\/tattoo.fr\/index.php\/wp-json\/wp\/v2\/media?parent=36"}],"curies":[{"name":"wp","href":"https:\/\/api.w.org\/{rel}","templated":true}]}}