{"id":1680,"date":"2020-12-20T13:39:33","date_gmt":"2020-12-20T12:39:33","guid":{"rendered":"https:\/\/tattoo.fr\/index.php\/page-daccueil\/"},"modified":"2021-08-20T14:10:04","modified_gmt":"2021-08-20T12:10:04","slug":"page-daccueil","status":"publish","type":"page","link":"https:\/\/tattoo.fr\/","title":{"rendered":""},"content":{"rendered":"<p>[instagram-feed]<\/p><div style=\"height:100px\" aria-hidden=\"true\" class=\"wp-block-spacer\"><\/div><div data-block-name=\"woocommerce\/featured-product\" data-edit-mode=\"false\" data-product-id=\"1837\" class=\"wc-block-featured-product alignnone has-background-dim wp-block-woocommerce-featured-product\" style=\"min-height:500px;\"><div class=\"wc-block-featured-product__wrapper\"><div class=\"background-dim__overlay\" style=\"background-color: #000000\"><\/div><img decoding=\"async\" alt=\"Fatalitas par Mika\u00ebl de Poissy\" class=\"wc-block-featured-product__background-image\" src=\"https:\/\/tattoo.fr\/wp-content\/uploads\/2021\/05\/couvfatalitas.jpg\" style=\"object-fit: none;object-position: 50% 50%;\" \/><h2 class=\"wc-block-featured-product__title\">Fatalitas par Mika\u00ebl de Poissy<\/h2><div class=\"wc-block-featured-product__description\"><p>Le livre Fatalitas vous propose une belle galerie de gueules cass\u00e9es, portant fi\u00e8rement leurs bousilles.<\/p>\n<\/div><div class=\"wc-block-featured-product__price\"><span class=\"woocommerce-Price-amount amount\">30,00<span class=\"woocommerce-Price-currencySymbol\">&euro;<\/span><\/span><\/div><div class=\"wc-block-featured-product__link\">\n<div class=\"wp-block-button aligncenter\"><a class=\"wp-block-button__link\" href=\"https:\/\/tattoo.fr\/index.php\/produit\/fatalitas-par-mikael-de-poissy\/\">Acheter maintenant<\/a><\/div>\n<\/div><\/div><\/div><h2 class=\"has-text-align-center wp-block-heading\">Nouveaux produits<\/h2><div data-block-name=\"woocommerce\/product-new\" class=\"wc-block-grid wp-block-product-new wc-block-product-new has-3-columns has-multiple-rows\"><ul class=\"wc-block-grid__products\"><li class=\"wc-block-grid__product\">\n\t\t\t\t<a href=\"https:\/\/tattoo.fr\/index.php\/produit\/couteau-deejo-saint-michel-signe-mikael-de-poissy\/\" class=\"wc-block-grid__product-link\">\n\t\t\t\t\t\n\t\t\t\t\t<div class=\"wc-block-grid__product-image\"><img loading=\"lazy\" decoding=\"async\" width=\"300\" height=\"300\" src=\"https:\/\/tattoo.fr\/wp-content\/uploads\/2024\/06\/vignette-1-300x300.jpg\" class=\"attachment-woocommerce_thumbnail size-woocommerce_thumbnail\" alt=\"Couteau Deejo \u00ab Saint-Michel \u00bb sign\u00e9 Mikael De Poissy\" srcset=\"https:\/\/tattoo.fr\/wp-content\/uploads\/2024\/06\/vignette-1-300x300.jpg 300w, https:\/\/tattoo.fr\/wp-content\/uploads\/2024\/06\/vignette-1-150x150.jpg 150w, https:\/\/tattoo.fr\/wp-content\/uploads\/2024\/06\/vignette-1-768x768.jpg 768w, https:\/\/tattoo.fr\/wp-content\/uploads\/2024\/06\/vignette-1-666x666.jpg 666w, https:\/\/tattoo.fr\/wp-content\/uploads\/2024\/06\/vignette-1-100x100.jpg 100w, https:\/\/tattoo.fr\/wp-content\/uploads\/2024\/06\/vignette-1.jpg 1000w\" sizes=\"(max-width: 300px) 100vw, 300px\" \/><\/div>\n\t\t\t\t\t<div class=\"wc-block-grid__product-title\">Couteau Deejo \u00ab Saint-Michel \u00bb sign\u00e9 Mikael De Poissy<\/div>\n\t\t\t\t<\/a>\n\t\t\t\t<div class=\"wc-block-grid__product-price price\"><span class=\"woocommerce-Price-amount amount\">89,90<span class=\"woocommerce-Price-currencySymbol\">&euro;<\/span><\/span><\/div>\n\t\t\t\t\n\t\t\t\t<div class=\"wp-block-button wc-block-grid__product-add-to-cart\"><a href=\"?add-to-cart=2084\" aria-label=\"Ajouter au panier\u00a0: &ldquo;Couteau Deejo \u00ab Saint-Michel \u00bb sign\u00e9 Mikael De Poissy&rdquo;\" data-quantity=\"1\" data-product_id=\"2084\" data-product_sku=\"\" data-price=\"89.9\" rel=\"nofollow\" class=\"wp-block-button__link  add_to_cart_button ajax_add_to_cart\">Acheter<\/a><\/div>\n\t\t\t<\/li><li class=\"wc-block-grid__product\">\n\t\t\t\t<a href=\"https:\/\/tattoo.fr\/index.php\/produit\/set-de-6-couteaux-deejo-de-table-mikael-de-poissy\/\" class=\"wc-block-grid__product-link\">\n\t\t\t\t\t\n\t\t\t\t\t<div class=\"wc-block-grid__product-image\"><img loading=\"lazy\" decoding=\"async\" width=\"300\" height=\"300\" src=\"https:\/\/tattoo.fr\/wp-content\/uploads\/2024\/06\/vignette-2-300x300.jpg\" class=\"attachment-woocommerce_thumbnail size-woocommerce_thumbnail\" alt=\"Set de 6 couteaux Deejo de table Mikael de Poissy\" srcset=\"https:\/\/tattoo.fr\/wp-content\/uploads\/2024\/06\/vignette-2-300x300.jpg 300w, https:\/\/tattoo.fr\/wp-content\/uploads\/2024\/06\/vignette-2-150x150.jpg 150w, https:\/\/tattoo.fr\/wp-content\/uploads\/2024\/06\/vignette-2-768x768.jpg 768w, https:\/\/tattoo.fr\/wp-content\/uploads\/2024\/06\/vignette-2-666x666.jpg 666w, https:\/\/tattoo.fr\/wp-content\/uploads\/2024\/06\/vignette-2-100x100.jpg 100w, https:\/\/tattoo.fr\/wp-content\/uploads\/2024\/06\/vignette-2.jpg 1000w\" sizes=\"(max-width: 300px) 100vw, 300px\" \/><\/div>\n\t\t\t\t\t<div class=\"wc-block-grid__product-title\">Set de 6 couteaux Deejo de table Mikael de Poissy<\/div>\n\t\t\t\t<\/a>\n\t\t\t\t<div class=\"wc-block-grid__product-price price\"><span class=\"woocommerce-Price-amount amount\">349,00<span class=\"woocommerce-Price-currencySymbol\">&euro;<\/span><\/span><\/div>\n\t\t\t\t\n\t\t\t\t<div class=\"wp-block-button wc-block-grid__product-add-to-cart\"><a href=\"?add-to-cart=2074\" aria-label=\"Ajouter au panier\u00a0: &ldquo;Set de 6 couteaux Deejo de table Mikael de Poissy&rdquo;\" data-quantity=\"1\" data-product_id=\"2074\" data-product_sku=\"\" data-price=\"349\" rel=\"nofollow\" class=\"wp-block-button__link  add_to_cart_button ajax_add_to_cart\">Acheter<\/a><\/div>\n\t\t\t<\/li><li class=\"wc-block-grid__product\">\n\t\t\t\t<a href=\"https:\/\/tattoo.fr\/index.php\/produit\/la-pompadour-par-mikael-de-poissy\/\" class=\"wc-block-grid__product-link\">\n\t\t\t\t\t\n\t\t\t\t\t<div class=\"wc-block-grid__product-image\"><img loading=\"lazy\" decoding=\"async\" width=\"300\" height=\"300\" src=\"https:\/\/tattoo.fr\/wp-content\/uploads\/2021\/05\/couvpompadour-300x300.jpg\" class=\"attachment-woocommerce_thumbnail size-woocommerce_thumbnail\" alt=\"La Pompadour par Mika\u00ebl de Poissy\" srcset=\"https:\/\/tattoo.fr\/wp-content\/uploads\/2021\/05\/couvpompadour-300x300.jpg 300w, https:\/\/tattoo.fr\/wp-content\/uploads\/2021\/05\/couvpompadour-150x150.jpg 150w, https:\/\/tattoo.fr\/wp-content\/uploads\/2021\/05\/couvpompadour-50x50.jpg 50w, https:\/\/tattoo.fr\/wp-content\/uploads\/2021\/05\/couvpompadour-100x100.jpg 100w, https:\/\/tattoo.fr\/wp-content\/uploads\/2021\/05\/couvpompadour.jpg 600w\" sizes=\"(max-width: 300px) 100vw, 300px\" \/><\/div>\n\t\t\t\t\t<div class=\"wc-block-grid__product-title\">La Pompadour par Mika\u00ebl de Poissy<\/div>\n\t\t\t\t<\/a>\n\t\t\t\t<div class=\"wc-block-grid__product-price price\"><span class=\"woocommerce-Price-amount amount\">60,00<span class=\"woocommerce-Price-currencySymbol\">&euro;<\/span><\/span> &ndash; <span class=\"woocommerce-Price-amount amount\">450,00<span class=\"woocommerce-Price-currencySymbol\">&euro;<\/span><\/span><\/div>\n\t\t\t\t\n\t\t\t\t<div class=\"wp-block-button wc-block-grid__product-add-to-cart\"><a href=\"https:\/\/tattoo.fr\/index.php\/produit\/la-pompadour-par-mikael-de-poissy\/\" aria-label=\"S\u00e9lectionner les options pour &ldquo;La Pompadour par Mika\u00ebl de Poissy&rdquo;\" data-quantity=\"1\" data-product_id=\"1853\" data-product_sku=\"7002\" data-price=\"60\" rel=\"nofollow\" class=\"wp-block-button__link  add_to_cart_button\">Acheter<\/a><\/div>\n\t\t\t<\/li><li class=\"wc-block-grid__product\">\n\t\t\t\t<a href=\"https:\/\/tattoo.fr\/index.php\/produit\/pepin-le-bref-par-mikael-de-poissy\/\" class=\"wc-block-grid__product-link\">\n\t\t\t\t\t\n\t\t\t\t\t<div class=\"wc-block-grid__product-image\"><img loading=\"lazy\" decoding=\"async\" width=\"300\" height=\"300\" src=\"https:\/\/tattoo.fr\/wp-content\/uploads\/2021\/05\/couvpepin-300x300.jpg\" class=\"attachment-woocommerce_thumbnail size-woocommerce_thumbnail\" alt=\"P\u00e9pin le Bref par Mika\u00ebl de Poissy\" srcset=\"https:\/\/tattoo.fr\/wp-content\/uploads\/2021\/05\/couvpepin-300x300.jpg 300w, https:\/\/tattoo.fr\/wp-content\/uploads\/2021\/05\/couvpepin-150x150.jpg 150w, https:\/\/tattoo.fr\/wp-content\/uploads\/2021\/05\/couvpepin-50x50.jpg 50w, https:\/\/tattoo.fr\/wp-content\/uploads\/2021\/05\/couvpepin-100x100.jpg 100w, https:\/\/tattoo.fr\/wp-content\/uploads\/2021\/05\/couvpepin.jpg 600w\" sizes=\"(max-width: 300px) 100vw, 300px\" \/><\/div>\n\t\t\t\t\t<div class=\"wc-block-grid__product-title\">P\u00e9pin le Bref par Mika\u00ebl de Poissy<\/div>\n\t\t\t\t<\/a>\n\t\t\t\t<div class=\"wc-block-grid__product-price price\"><span class=\"woocommerce-Price-amount amount\">60,00<span class=\"woocommerce-Price-currencySymbol\">&euro;<\/span><\/span> &ndash; <span class=\"woocommerce-Price-amount amount\">450,00<span class=\"woocommerce-Price-currencySymbol\">&euro;<\/span><\/span><\/div>\n\t\t\t\t\n\t\t\t\t<div class=\"wp-block-button wc-block-grid__product-add-to-cart\"><a href=\"https:\/\/tattoo.fr\/index.php\/produit\/pepin-le-bref-par-mikael-de-poissy\/\" aria-label=\"S\u00e9lectionner les options pour &ldquo;P\u00e9pin le Bref par Mika\u00ebl de Poissy&rdquo;\" data-quantity=\"1\" data-product_id=\"1852\" data-product_sku=\"6993\" data-price=\"60\" rel=\"nofollow\" class=\"wp-block-button__link  add_to_cart_button\">Acheter<\/a><\/div>\n\t\t\t<\/li><li class=\"wc-block-grid__product\">\n\t\t\t\t<a href=\"https:\/\/tattoo.fr\/index.php\/produit\/fredegonde-par-mikael-de-poissy\/\" class=\"wc-block-grid__product-link\">\n\t\t\t\t\t\n\t\t\t\t\t<div class=\"wc-block-grid__product-image\"><img loading=\"lazy\" decoding=\"async\" width=\"300\" height=\"300\" src=\"https:\/\/tattoo.fr\/wp-content\/uploads\/2021\/05\/couvfredgonde-300x300.jpg\" class=\"attachment-woocommerce_thumbnail size-woocommerce_thumbnail\" alt=\"Fr\u00e9d\u00e9gonde par Mika\u00ebl de Poissy\" srcset=\"https:\/\/tattoo.fr\/wp-content\/uploads\/2021\/05\/couvfredgonde-300x300.jpg 300w, https:\/\/tattoo.fr\/wp-content\/uploads\/2021\/05\/couvfredgonde-150x150.jpg 150w, https:\/\/tattoo.fr\/wp-content\/uploads\/2021\/05\/couvfredgonde-50x50.jpg 50w, https:\/\/tattoo.fr\/wp-content\/uploads\/2021\/05\/couvfredgonde-100x100.jpg 100w, https:\/\/tattoo.fr\/wp-content\/uploads\/2021\/05\/couvfredgonde.jpg 600w\" sizes=\"(max-width: 300px) 100vw, 300px\" \/><\/div>\n\t\t\t\t\t<div class=\"wc-block-grid__product-title\">Fr\u00e9d\u00e9gonde par Mika\u00ebl de Poissy<\/div>\n\t\t\t\t<\/a>\n\t\t\t\t<div class=\"wc-block-grid__product-price price\"><span class=\"woocommerce-Price-amount amount\">60,00<span class=\"woocommerce-Price-currencySymbol\">&euro;<\/span><\/span> &ndash; <span class=\"woocommerce-Price-amount amount\">450,00<span class=\"woocommerce-Price-currencySymbol\">&euro;<\/span><\/span><\/div>\n\t\t\t\t\n\t\t\t\t<div class=\"wp-block-button wc-block-grid__product-add-to-cart\"><a href=\"https:\/\/tattoo.fr\/index.php\/produit\/fredegonde-par-mikael-de-poissy\/\" aria-label=\"S\u00e9lectionner les options pour &ldquo;Fr\u00e9d\u00e9gonde par Mika\u00ebl de Poissy&rdquo;\" data-quantity=\"1\" data-product_id=\"1851\" data-product_sku=\"6983\" data-price=\"60\" rel=\"nofollow\" class=\"wp-block-button__link  add_to_cart_button\">Acheter<\/a><\/div>\n\t\t\t<\/li><li class=\"wc-block-grid__product\">\n\t\t\t\t<a href=\"https:\/\/tattoo.fr\/index.php\/produit\/dagobert-par-mikael-de-poissy\/\" class=\"wc-block-grid__product-link\">\n\t\t\t\t\t\n\t\t\t\t\t<div class=\"wc-block-grid__product-image\"><img loading=\"lazy\" decoding=\"async\" width=\"300\" height=\"300\" src=\"https:\/\/tattoo.fr\/wp-content\/uploads\/2021\/05\/couvdagobert-300x300.jpg\" class=\"attachment-woocommerce_thumbnail size-woocommerce_thumbnail\" alt=\"Dagobert par Mika\u00ebl de Poissy\" srcset=\"https:\/\/tattoo.fr\/wp-content\/uploads\/2021\/05\/couvdagobert-300x300.jpg 300w, https:\/\/tattoo.fr\/wp-content\/uploads\/2021\/05\/couvdagobert-150x150.jpg 150w, https:\/\/tattoo.fr\/wp-content\/uploads\/2021\/05\/couvdagobert-50x50.jpg 50w, https:\/\/tattoo.fr\/wp-content\/uploads\/2021\/05\/couvdagobert-100x100.jpg 100w, https:\/\/tattoo.fr\/wp-content\/uploads\/2021\/05\/couvdagobert.jpg 600w\" sizes=\"(max-width: 300px) 100vw, 300px\" \/><\/div>\n\t\t\t\t\t<div class=\"wc-block-grid__product-title\">Dagobert par Mika\u00ebl de Poissy<\/div>\n\t\t\t\t<\/a>\n\t\t\t\t<div class=\"wc-block-grid__product-price price\"><span class=\"woocommerce-Price-amount amount\">60,00<span class=\"woocommerce-Price-currencySymbol\">&euro;<\/span><\/span> &ndash; <span class=\"woocommerce-Price-amount amount\">450,00<span class=\"woocommerce-Price-currencySymbol\">&euro;<\/span><\/span><\/div>\n\t\t\t\t\n\t\t\t\t<div class=\"wp-block-button wc-block-grid__product-add-to-cart\"><a href=\"https:\/\/tattoo.fr\/index.php\/produit\/dagobert-par-mikael-de-poissy\/\" aria-label=\"S\u00e9lectionner les options pour &ldquo;Dagobert par Mika\u00ebl de Poissy&rdquo;\" data-quantity=\"1\" data-product_id=\"1850\" data-product_sku=\"6973\" data-price=\"60\" rel=\"nofollow\" class=\"wp-block-button__link  add_to_cart_button\">Acheter<\/a><\/div>\n\t\t\t<\/li><li class=\"wc-block-grid__product\">\n\t\t\t\t<a href=\"https:\/\/tattoo.fr\/index.php\/produit\/clovis-par-mikael-de-poissy\/\" class=\"wc-block-grid__product-link\">\n\t\t\t\t\t\n\t\t\t\t\t<div class=\"wc-block-grid__product-image\"><img loading=\"lazy\" decoding=\"async\" width=\"300\" height=\"300\" src=\"https:\/\/tattoo.fr\/wp-content\/uploads\/2021\/05\/couvclovis-300x300.jpg\" class=\"attachment-woocommerce_thumbnail size-woocommerce_thumbnail\" alt=\"Clovis par Mika\u00ebl de Poissy\" srcset=\"https:\/\/tattoo.fr\/wp-content\/uploads\/2021\/05\/couvclovis-300x300.jpg 300w, https:\/\/tattoo.fr\/wp-content\/uploads\/2021\/05\/couvclovis-150x150.jpg 150w, https:\/\/tattoo.fr\/wp-content\/uploads\/2021\/05\/couvclovis-50x50.jpg 50w, https:\/\/tattoo.fr\/wp-content\/uploads\/2021\/05\/couvclovis-100x100.jpg 100w, https:\/\/tattoo.fr\/wp-content\/uploads\/2021\/05\/couvclovis.jpg 600w\" sizes=\"(max-width: 300px) 100vw, 300px\" \/><\/div>\n\t\t\t\t\t<div class=\"wc-block-grid__product-title\">Clovis par Mika\u00ebl de Poissy<\/div>\n\t\t\t\t<\/a>\n\t\t\t\t<div class=\"wc-block-grid__product-price price\"><span class=\"woocommerce-Price-amount amount\">60,00<span class=\"woocommerce-Price-currencySymbol\">&euro;<\/span><\/span> &ndash; <span class=\"woocommerce-Price-amount amount\">450,00<span class=\"woocommerce-Price-currencySymbol\">&euro;<\/span><\/span><\/div>\n\t\t\t\t\n\t\t\t\t<div class=\"wp-block-button wc-block-grid__product-add-to-cart\"><a href=\"https:\/\/tattoo.fr\/index.php\/produit\/clovis-par-mikael-de-poissy\/\" aria-label=\"S\u00e9lectionner les options pour &ldquo;Clovis par Mika\u00ebl de Poissy&rdquo;\" data-quantity=\"1\" data-product_id=\"1849\" data-product_sku=\"6963\" data-price=\"60\" rel=\"nofollow\" class=\"wp-block-button__link  add_to_cart_button\">Acheter<\/a><\/div>\n\t\t\t<\/li><li class=\"wc-block-grid__product\">\n\t\t\t\t<a href=\"https:\/\/tattoo.fr\/index.php\/produit\/clotaire-par-mikael-de-poissy\/\" class=\"wc-block-grid__product-link\">\n\t\t\t\t\t\n\t\t\t\t\t<div class=\"wc-block-grid__product-image\"><img loading=\"lazy\" decoding=\"async\" width=\"300\" height=\"300\" src=\"https:\/\/tattoo.fr\/wp-content\/uploads\/2021\/05\/couvclotaire-300x300.jpg\" class=\"attachment-woocommerce_thumbnail size-woocommerce_thumbnail\" alt=\"Clotaire par Mika\u00ebl de Poissy\" srcset=\"https:\/\/tattoo.fr\/wp-content\/uploads\/2021\/05\/couvclotaire-300x300.jpg 300w, https:\/\/tattoo.fr\/wp-content\/uploads\/2021\/05\/couvclotaire-150x150.jpg 150w, https:\/\/tattoo.fr\/wp-content\/uploads\/2021\/05\/couvclotaire-50x50.jpg 50w, https:\/\/tattoo.fr\/wp-content\/uploads\/2021\/05\/couvclotaire-100x100.jpg 100w, https:\/\/tattoo.fr\/wp-content\/uploads\/2021\/05\/couvclotaire.jpg 600w\" sizes=\"(max-width: 300px) 100vw, 300px\" \/><\/div>\n\t\t\t\t\t<div class=\"wc-block-grid__product-title\">Clotaire par Mika\u00ebl de Poissy<\/div>\n\t\t\t\t<\/a>\n\t\t\t\t<div class=\"wc-block-grid__product-price price\"><span class=\"woocommerce-Price-amount amount\">60,00<span class=\"woocommerce-Price-currencySymbol\">&euro;<\/span><\/span> &ndash; <span class=\"woocommerce-Price-amount amount\">450,00<span class=\"woocommerce-Price-currencySymbol\">&euro;<\/span><\/span><\/div>\n\t\t\t\t\n\t\t\t\t<div class=\"wp-block-button wc-block-grid__product-add-to-cart\"><a href=\"https:\/\/tattoo.fr\/index.php\/produit\/clotaire-par-mikael-de-poissy\/\" aria-label=\"S\u00e9lectionner les options pour &ldquo;Clotaire par Mika\u00ebl de Poissy&rdquo;\" data-quantity=\"1\" data-product_id=\"1848\" data-product_sku=\"6954\" data-price=\"60\" rel=\"nofollow\" class=\"wp-block-button__link  add_to_cart_button\">Acheter<\/a><\/div>\n\t\t\t<\/li><li class=\"wc-block-grid__product\">\n\t\t\t\t<a href=\"https:\/\/tattoo.fr\/index.php\/produit\/charles-martel-par-mikael-de-poissy\/\" class=\"wc-block-grid__product-link\">\n\t\t\t\t\t\n\t\t\t\t\t<div class=\"wc-block-grid__product-image\"><img loading=\"lazy\" decoding=\"async\" width=\"300\" height=\"300\" src=\"https:\/\/tattoo.fr\/wp-content\/uploads\/2021\/05\/couvcharlesmartel-300x300.jpg\" class=\"attachment-woocommerce_thumbnail size-woocommerce_thumbnail\" alt=\"Charles Martel par Mika\u00ebl de Poissy\" srcset=\"https:\/\/tattoo.fr\/wp-content\/uploads\/2021\/05\/couvcharlesmartel-300x300.jpg 300w, https:\/\/tattoo.fr\/wp-content\/uploads\/2021\/05\/couvcharlesmartel-150x150.jpg 150w, https:\/\/tattoo.fr\/wp-content\/uploads\/2021\/05\/couvcharlesmartel-50x50.jpg 50w, https:\/\/tattoo.fr\/wp-content\/uploads\/2021\/05\/couvcharlesmartel-100x100.jpg 100w, https:\/\/tattoo.fr\/wp-content\/uploads\/2021\/05\/couvcharlesmartel.jpg 600w\" sizes=\"(max-width: 300px) 100vw, 300px\" \/><\/div>\n\t\t\t\t\t<div class=\"wc-block-grid__product-title\">Charles Martel par Mika\u00ebl de Poissy<\/div>\n\t\t\t\t<\/a>\n\t\t\t\t<div class=\"wc-block-grid__product-price price\"><span class=\"woocommerce-Price-amount amount\">60,00<span class=\"woocommerce-Price-currencySymbol\">&euro;<\/span><\/span> &ndash; <span class=\"woocommerce-Price-amount amount\">450,00<span class=\"woocommerce-Price-currencySymbol\">&euro;<\/span><\/span><\/div>\n\t\t\t\t\n\t\t\t\t<div class=\"wp-block-button wc-block-grid__product-add-to-cart\"><a href=\"https:\/\/tattoo.fr\/index.php\/produit\/charles-martel-par-mikael-de-poissy\/\" aria-label=\"S\u00e9lectionner les options pour &ldquo;Charles Martel par Mika\u00ebl de Poissy&rdquo;\" data-quantity=\"1\" data-product_id=\"1847\" data-product_sku=\"6943\" data-price=\"60\" rel=\"nofollow\" class=\"wp-block-button__link  add_to_cart_button\">Acheter<\/a><\/div>\n\t\t\t<\/li><\/ul><\/div>","protected":false},"excerpt":{"rendered":"<p><a href=\"https:\/\/tattoo.fr\/\" class=\"more-link\">Voir plus&#8230;<span class=\"screen-reader-text\"><\/span><\/a><\/p>\n","protected":false},"author":1,"featured_media":0,"parent":0,"menu_order":0,"comment_status":"closed","ping_status":"closed","template":"","meta":{"footnotes":""},"_links":{"self":[{"href":"https:\/\/tattoo.fr\/index.php\/wp-json\/wp\/v2\/pages\/1680"}],"collection":[{"href":"https:\/\/tattoo.fr\/index.php\/wp-json\/wp\/v2\/pages"}],"about":[{"href":"https:\/\/tattoo.fr\/index.php\/wp-json\/wp\/v2\/types\/page"}],"author":[{"embeddable":true,"href":"https:\/\/tattoo.fr\/index.php\/wp-json\/wp\/v2\/users\/1"}],"replies":[{"embeddable":true,"href":"https:\/\/tattoo.fr\/index.php\/wp-json\/wp\/v2\/comments?post=1680"}],"version-history":[{"count":6,"href":"https:\/\/tattoo.fr\/index.php\/wp-json\/wp\/v2\/pages\/1680\/revisions"}],"predecessor-version":[{"id":1986,"href":"https:\/\/tattoo.fr\/index.php\/wp-json\/wp\/v2\/pages\/1680\/revisions\/1986"}],"wp:attachment":[{"href":"https:\/\/tattoo.fr\/index.php\/wp-json\/wp\/v2\/media?parent=1680"}],"curies":[{"name":"wp","href":"https:\/\/api.w.org\/{rel}","templated":true}]}}